{"id":2088,"date":"2023-01-29T15:01:18","date_gmt":"2023-01-29T15:01:18","guid":{"rendered":"https:\/\/seowebflydev.com\/dev\/model\/productos\/"},"modified":"2023-05-15T06:50:49","modified_gmt":"2023-05-15T06:50:49","slug":"maquinas_especiales","status":"publish","type":"page","link":"https:\/\/modelcogroup.com\/es\/maquinas_especiales\/","title":{"rendered":"Productos"},"content":{"rendered":"<p>MODEL&amp;CO es una empresa especializada en el dise\u00f1o y construcci\u00f3n de maquinar\u00eda para cimentaciones especiales: m\u00e1quinas de muropantalla, cucharas hidr\u00e1ulicas y mec\u00e1nicas, hidrofresas, maquinaria de pilotes, CFA y micropilotes, lodos, desarenadores, mezcladores, de lechadas y utillajes. Selecciona una de las categorias para desplegar el cat\u00e1logo de maquinaria y ver todos nuestros productos y maquinaria:<\/p>\n","protected":false},"excerpt":{"rendered":"<p>MODEL&amp;CO es una empresa especializada en el dise\u00f1o y construcci\u00f3n de maquinar\u00eda para cimentaciones especiales: m\u00e1quinas de muropantalla, cucharas hidr\u00e1ulicas y mec\u00e1nicas, hidrofresas, maquinaria de pilotes, CFA y micropilotes, lodos, desarenadores, mezcladores, de lechadas y utillajes. Selecciona una de las categorias para desplegar el cat\u00e1logo de maquinaria y ver todos nuestros productos y maquinaria:<\/p>\n","protected":false},"author":1,"featured_media":0,"parent":0,"menu_order":0,"comment_status":"closed","ping_status":"closed","template":"template-product.php","meta":{"_acf_changed":false,"footnotes":""},"class_list":["post-2088","page","type-page","status-publish","hentry"],"acf":[],"_links":{"self":[{"href":"https:\/\/modelcogroup.com\/es\/wp-json\/wp\/v2\/pages\/2088"}],"collection":[{"href":"https:\/\/modelcogroup.com\/es\/wp-json\/wp\/v2\/pages"}],"about":[{"href":"https:\/\/modelcogroup.com\/es\/wp-json\/wp\/v2\/types\/page"}],"author":[{"embeddable":true,"href":"https:\/\/modelcogroup.com\/es\/wp-json\/wp\/v2\/users\/1"}],"replies":[{"embeddable":true,"href":"https:\/\/modelcogroup.com\/es\/wp-json\/wp\/v2\/comments?post=2088"}],"version-history":[{"count":1,"href":"https:\/\/modelcogroup.com\/es\/wp-json\/wp\/v2\/pages\/2088\/revisions"}],"predecessor-version":[{"id":2090,"href":"https:\/\/modelcogroup.com\/es\/wp-json\/wp\/v2\/pages\/2088\/revisions\/2090"}],"wp:attachment":[{"href":"https:\/\/modelcogroup.com\/es\/wp-json\/wp\/v2\/media?parent=2088"}],"curies":[{"name":"wp","href":"https:\/\/api.w.org\/{rel}","templated":true}]}}