{"id":2091,"date":"2023-01-29T15:21:42","date_gmt":"2023-01-29T15:21:42","guid":{"rendered":"https:\/\/seowebflydev.com\/dev\/model\/maquinas_cimentaciones_especiales\/muro-pantalla\/"},"modified":"2023-05-06T17:40:26","modified_gmt":"2023-05-06T17:40:26","slug":"muro_pantalla","status":"publish","type":"page","link":"https:\/\/modelcogroup.com\/es\/maquinas_especiales\/muro_pantalla\/","title":{"rendered":"Muro pantalla"},"content":{"rendered":"<p>El muro pantalla es un muro de hormig\u00f3n armado ejecutado in situ en el terreno. La ejecuci\u00f3n puede hacerse en cualquier tipo de terreno, en funci\u00f3n de la resistencia del mismo se usan diferentes tipos de maquinaria de excavaci\u00f3n. Seg\u00fan la estabilidad del terreno puede ser necesario el uso de lodos bentoniticos, o lodos polim\u00e9ricos. La principal ventaja de muro pantalla es su gran capacidad de contenci\u00f3n e impermeabilizaci\u00f3n, que lo hace id\u00f3neo para grandes estructuras soterradas, como parkings, estaciones de metro, pasos inferiores, pantallas impermeabilizantes, etc.<\/p>\n","protected":false},"excerpt":{"rendered":"<p>El muro pantalla es un muro de hormig\u00f3n armado ejecutado in situ en el terreno. La ejecuci\u00f3n puede hacerse en cualquier tipo de terreno, en funci\u00f3n de la resistencia del mismo se usan diferentes tipos de maquinaria de excavaci\u00f3n. Seg\u00fan la estabilidad del terreno puede ser necesario el uso de lodos bentoniticos, o lodos polim\u00e9ricos. [&hellip;]<\/p>\n","protected":false},"author":1,"featured_media":0,"parent":2088,"menu_order":0,"comment_status":"closed","ping_status":"closed","template":"template-product-level-one.php","meta":{"_acf_changed":false,"footnotes":""},"class_list":["post-2091","page","type-page","status-publish","hentry"],"acf":[],"_links":{"self":[{"href":"https:\/\/modelcogroup.com\/es\/wp-json\/wp\/v2\/pages\/2091"}],"collection":[{"href":"https:\/\/modelcogroup.com\/es\/wp-json\/wp\/v2\/pages"}],"about":[{"href":"https:\/\/modelcogroup.com\/es\/wp-json\/wp\/v2\/types\/page"}],"author":[{"embeddable":true,"href":"https:\/\/modelcogroup.com\/es\/wp-json\/wp\/v2\/users\/1"}],"replies":[{"embeddable":true,"href":"https:\/\/modelcogroup.com\/es\/wp-json\/wp\/v2\/comments?post=2091"}],"version-history":[{"count":1,"href":"https:\/\/modelcogroup.com\/es\/wp-json\/wp\/v2\/pages\/2091\/revisions"}],"predecessor-version":[{"id":2092,"href":"https:\/\/modelcogroup.com\/es\/wp-json\/wp\/v2\/pages\/2091\/revisions\/2092"}],"up":[{"embeddable":true,"href":"https:\/\/modelcogroup.com\/es\/wp-json\/wp\/v2\/pages\/2088"}],"wp:attachment":[{"href":"https:\/\/modelcogroup.com\/es\/wp-json\/wp\/v2\/media?parent=2091"}],"curies":[{"name":"wp","href":"https:\/\/api.w.org\/{rel}","templated":true}]}}