{"id":2098,"date":"2023-02-06T16:42:55","date_gmt":"2023-02-06T16:42:55","guid":{"rendered":"https:\/\/seowebflydev.com\/dev\/model\/maquinas_cimentaciones_especiales\/muro_pantalla\/cucharas_hidraulicas\/chs8\/"},"modified":"2023-05-06T18:08:54","modified_gmt":"2023-05-06T18:08:54","slug":"chs8_cuchara_hidraulica_muro_pantalla","status":"publish","type":"page","link":"https:\/\/modelcogroup.com\/es\/maquinas_especiales\/muro_pantalla\/cucharas_hidraulicas\/chs8_cuchara_hidraulica_muro_pantalla\/","title":{"rendered":"CHS8"},"content":{"rendered":"<p>La cuchara CHS8 es una cuchara hidr\u00e1ulica de prestaciones completas, de dise\u00f1o robusto, rotaci\u00f3n 360\u00ba alrededor de su eje vertical, elevada fuerza de cierre en valvas, etc. La ventaja es que est\u00e1 instalada en una excavadora est\u00e1ndar. El transporte es muy simple, no hay necesidad de desmontar ninguna pieza, salvo la propia cuchara.<\/p>\n","protected":false},"excerpt":{"rendered":"<table class=\"tabla-datos\">\n<tbody>\n<tr>\n<th>Model<\/th>\n<th>CHS8<\/th>\n<\/tr>\n<tr>\n<td>Profundidad de excavaci\u00f3n m<\/td>\n<td>35 \u00f7 50<\/td>\n<\/tr>\n<tr>\n<td>Giro de la cuchara automotor <\/td>\n<td>360 \u00ba<\/td>\n<\/tr>\n<tr>\n<td>Peso en trabajo m\u00e1quina completa t<\/td>\n<td>40 \u00f7 50<\/td>\n<\/tr>\n<tr>\n<td>Ancho en trabajo-transporte mm<\/td>\n<td>4000\/4500 \u00f7 2500\/3000<\/td>\n<\/tr>\n<tr>\n<td>Longitud excavaci\u00f3n A mm<\/td>\n<td>2700 \u00f7 3000<\/td>\n<\/tr>\n<tr>\n<td>Longitud de cuchara mm<\/td>\n<td>6500<\/td>\n<\/tr>\n<tr>\n<td>Anchura de excavaci\u00f3n D mm<\/td>\n<td>450 \u00f7 1000<\/td>\n<\/tr>\n<tr>\n<td>Altura m\u00e1xima de ca\u00edda libre de cuchara mm<\/td>\n<td>800 \u00f71000<\/td>\n<\/tr>\n<\/tbody>\n<\/table>\n","protected":false},"author":1,"featured_media":771,"parent":2093,"menu_order":0,"comment_status":"closed","ping_status":"closed","template":"template-product-level-last.php","meta":{"_acf_changed":false,"footnotes":""},"class_list":["post-2098","page","type-page","status-publish","has-post-thumbnail","hentry"],"acf":[],"_links":{"self":[{"href":"https:\/\/modelcogroup.com\/es\/wp-json\/wp\/v2\/pages\/2098"}],"collection":[{"href":"https:\/\/modelcogroup.com\/es\/wp-json\/wp\/v2\/pages"}],"about":[{"href":"https:\/\/modelcogroup.com\/es\/wp-json\/wp\/v2\/types\/page"}],"author":[{"embeddable":true,"href":"https:\/\/modelcogroup.com\/es\/wp-json\/wp\/v2\/users\/1"}],"replies":[{"embeddable":true,"href":"https:\/\/modelcogroup.com\/es\/wp-json\/wp\/v2\/comments?post=2098"}],"version-history":[{"count":1,"href":"https:\/\/modelcogroup.com\/es\/wp-json\/wp\/v2\/pages\/2098\/revisions"}],"predecessor-version":[{"id":2099,"href":"https:\/\/modelcogroup.com\/es\/wp-json\/wp\/v2\/pages\/2098\/revisions\/2099"}],"up":[{"embeddable":true,"href":"https:\/\/modelcogroup.com\/es\/wp-json\/wp\/v2\/pages\/2093"}],"wp:featuredmedia":[{"embeddable":true,"href":"https:\/\/modelcogroup.com\/es\/wp-json\/wp\/v2\/media\/771"}],"wp:attachment":[{"href":"https:\/\/modelcogroup.com\/es\/wp-json\/wp\/v2\/media?parent=2098"}],"curies":[{"name":"wp","href":"https:\/\/api.w.org\/{rel}","templated":true}]}}