{"id":2110,"date":"2023-02-06T17:07:01","date_gmt":"2023-02-06T17:07:01","guid":{"rendered":"https:\/\/seowebflydev.com\/dev\/model\/maquinas_cimentaciones_especiales\/muro_pantalla\/cucharas_mecanicas\/cml300\/"},"modified":"2023-05-06T18:47:38","modified_gmt":"2023-05-06T18:47:38","slug":"cml300_cuchara_mecanica_muro_pantalla","status":"publish","type":"page","link":"https:\/\/modelcogroup.com\/es\/maquinas_especiales\/muro_pantalla\/cucharas_mecanicas\/cml300_cuchara_mecanica_muro_pantalla\/","title":{"rendered":"CML300"},"content":{"rendered":"<p>La cuchara CML300 esta dise\u00f1ada para excavar con un espesor minimo de 300, para cubrir las necesidades de ejecuci\u00f3n de muro pantalla en solares de muy reducido tama\u00f1o, donde se trata de aprovechar al m\u00e1ximo el espacio de los sotanos bajo el edificio.<\/p>\n","protected":false},"excerpt":{"rendered":"<table class=\"tabla-datos\">\n<tbody>\n<tr>\n<th>Modelo<\/th>\n<th>CML300<\/th>\n<\/tr>\n<tr>\n<td>Espesor de excavaci\u00f3n C mm<\/td>\n<td>300 \u00f7 450<\/td>\n<\/tr>\n<tr>\n<td>Peso de la cuchara ** t<\/td>\n<td>4,95 \u00f7 5,2<\/td>\n<\/tr>\n<tr>\n<td>Altura total cerrada B mm<\/td>\n<td>6300<\/td>\n<\/tr>\n<tr>\n<td>Largo de excavaci\u00f3n A mm<\/td>\n<td>2500 \u00f7 3000<\/td>\n<\/tr>\n<tr>\n<td>N\u00ba de ramales de cierre<\/td>\n<td>6<\/td>\n<\/tr>\n<tr>\n<td>Fuerza de cierre m\u00ednima kN<\/td>\n<td>243 \u00f7 305<\/td>\n<\/tr>\n<\/tbody>\n<\/table>\n","protected":false},"author":1,"featured_media":832,"parent":2104,"menu_order":0,"comment_status":"closed","ping_status":"closed","template":"template-product-level-last.php","meta":{"_acf_changed":false,"footnotes":""},"class_list":["post-2110","page","type-page","status-publish","has-post-thumbnail","hentry"],"acf":[],"_links":{"self":[{"href":"https:\/\/modelcogroup.com\/es\/wp-json\/wp\/v2\/pages\/2110"}],"collection":[{"href":"https:\/\/modelcogroup.com\/es\/wp-json\/wp\/v2\/pages"}],"about":[{"href":"https:\/\/modelcogroup.com\/es\/wp-json\/wp\/v2\/types\/page"}],"author":[{"embeddable":true,"href":"https:\/\/modelcogroup.com\/es\/wp-json\/wp\/v2\/users\/1"}],"replies":[{"embeddable":true,"href":"https:\/\/modelcogroup.com\/es\/wp-json\/wp\/v2\/comments?post=2110"}],"version-history":[{"count":1,"href":"https:\/\/modelcogroup.com\/es\/wp-json\/wp\/v2\/pages\/2110\/revisions"}],"predecessor-version":[{"id":2111,"href":"https:\/\/modelcogroup.com\/es\/wp-json\/wp\/v2\/pages\/2110\/revisions\/2111"}],"up":[{"embeddable":true,"href":"https:\/\/modelcogroup.com\/es\/wp-json\/wp\/v2\/pages\/2104"}],"wp:featuredmedia":[{"embeddable":true,"href":"https:\/\/modelcogroup.com\/es\/wp-json\/wp\/v2\/media\/832"}],"wp:attachment":[{"href":"https:\/\/modelcogroup.com\/es\/wp-json\/wp\/v2\/media?parent=2110"}],"curies":[{"name":"wp","href":"https:\/\/api.w.org\/{rel}","templated":true}]}}