{"id":2130,"date":"2023-02-06T16:38:12","date_gmt":"2023-02-06T16:38:12","guid":{"rendered":"https:\/\/seowebflydev.com\/dev\/model\/maquinas_cimentaciones_especiales\/muro_pantalla\/extractores-hidraulicos-de-tubos-de-junta\/"},"modified":"2023-05-07T05:26:09","modified_gmt":"2023-05-07T05:26:09","slug":"extractores_tubos_junta","status":"publish","type":"page","link":"https:\/\/modelcogroup.com\/es\/maquinas_especiales\/muro_pantalla\/extractores_tubos_junta\/","title":{"rendered":"Extractores hidr\u00e1ulicos de tubos de junta"},"content":{"rendered":"<p>Los extractores de tubos de junta se usan para extraer las juntas redondas o planas usadas en la ejecuci\u00f3n del muro pantalla. La perforaci\u00f3n de paneles de elevada profundidad conlleva el uso de juntas de gran longitud, y esto supone elevadas fuerzas de extracci\u00f3n. Los extractores MODEL&amp;CO est\u00e1n dise\u00f1ados y experimentados para vencer las resistencias de extracci\u00f3n de las juntas m\u00e1s profundas. La car\u00c3\u00a1cter\u00edstica principal de los extractores MODEL&amp;CO es el dise\u00f1o muy compacto, y la capacidad de poder extraer tubos muy cercanos a muros medianeros.<\/p>\n","protected":false},"excerpt":{"rendered":"<p>Los extractores de tubos de junta se usan para extraer las juntas redondas o planas usadas en la ejecuci\u00f3n del muro pantalla. La perforaci\u00f3n de paneles de elevada profundidad conlleva el uso de juntas de gran longitud, y esto supone elevadas fuerzas de extracci\u00f3n. Los extractores MODEL&amp;CO est\u00e1n dise\u00f1ados y experimentados para vencer las resistencias [&hellip;]<\/p>\n","protected":false},"author":1,"featured_media":0,"parent":2091,"menu_order":0,"comment_status":"closed","ping_status":"closed","template":"template-product-level-one.php","meta":{"_acf_changed":false,"footnotes":""},"class_list":["post-2130","page","type-page","status-publish","hentry"],"acf":[],"_links":{"self":[{"href":"https:\/\/modelcogroup.com\/es\/wp-json\/wp\/v2\/pages\/2130"}],"collection":[{"href":"https:\/\/modelcogroup.com\/es\/wp-json\/wp\/v2\/pages"}],"about":[{"href":"https:\/\/modelcogroup.com\/es\/wp-json\/wp\/v2\/types\/page"}],"author":[{"embeddable":true,"href":"https:\/\/modelcogroup.com\/es\/wp-json\/wp\/v2\/users\/1"}],"replies":[{"embeddable":true,"href":"https:\/\/modelcogroup.com\/es\/wp-json\/wp\/v2\/comments?post=2130"}],"version-history":[{"count":1,"href":"https:\/\/modelcogroup.com\/es\/wp-json\/wp\/v2\/pages\/2130\/revisions"}],"predecessor-version":[{"id":2131,"href":"https:\/\/modelcogroup.com\/es\/wp-json\/wp\/v2\/pages\/2130\/revisions\/2131"}],"up":[{"embeddable":true,"href":"https:\/\/modelcogroup.com\/es\/wp-json\/wp\/v2\/pages\/2091"}],"wp:attachment":[{"href":"https:\/\/modelcogroup.com\/es\/wp-json\/wp\/v2\/media?parent=2130"}],"curies":[{"name":"wp","href":"https:\/\/api.w.org\/{rel}","templated":true}]}}