{"id":2202,"date":"2023-02-12T17:17:01","date_gmt":"2023-02-12T17:17:01","guid":{"rendered":"https:\/\/seowebflydev.com\/dev\/model\/maquinas_cimentaciones_especiales\/pilotes\/rotacion-con-kelly\/"},"modified":"2023-05-07T07:55:43","modified_gmt":"2023-05-07T07:55:43","slug":"rotacion_kelly","status":"publish","type":"page","link":"https:\/\/modelcogroup.com\/es\/maquinas_especiales\/pilotes\/rotacion_kelly\/","title":{"rendered":"Rotaci\u00f3n con Kelly"},"content":{"rendered":"<p>La t\u00e9cnica de ejecuci\u00f3n de pilotes con Kelly es muy vers\u00e1til, es la t\u00e9cnica con la que se ejecutan los pilotes mas complicados en las cimentaciones profundas. Existen muchas variantes de pilotes que se pueden ejecutar con una maquina perforadora de Kelly telesc\u00f3pico. La herramienta de perforaci\u00f3n se instala en el extremo del Kelly, este cuenta con varias camisas de di\u00e1metros diferentes de forma que una entra dentro de otra, de esta forma se puede llegar a perforar a grandes profundidades. La secuencia de ejecuci\u00f3n es la siguiente: perforaci\u00f3n y extracci\u00f3n de toda la tierra dejando una perforaci\u00f3n circular abierta, colocaci\u00f3n de la armadura, hormigonado por vertido directo a trav\u00e9s de tubos tremie. En caso de terrenos inestables se pueden usar lodos bentoniticos, o bien entubaciones recuparbles.<\/p>\n","protected":false},"excerpt":{"rendered":"<p>La t\u00e9cnica de ejecuci\u00f3n de pilotes con Kelly es muy vers\u00e1til, es la t\u00e9cnica con la que se ejecutan los pilotes mas complicados en las cimentaciones profundas. Existen muchas variantes de pilotes que se pueden ejecutar con una maquina perforadora de Kelly telesc\u00f3pico. La herramienta de perforaci\u00f3n se instala en el extremo del Kelly, este [&hellip;]<\/p>\n","protected":false},"author":1,"featured_media":0,"parent":2177,"menu_order":0,"comment_status":"closed","ping_status":"closed","template":"template-product-level-two.php","meta":{"_acf_changed":false,"footnotes":""},"class_list":["post-2202","page","type-page","status-publish","hentry"],"acf":[],"_links":{"self":[{"href":"https:\/\/modelcogroup.com\/es\/wp-json\/wp\/v2\/pages\/2202"}],"collection":[{"href":"https:\/\/modelcogroup.com\/es\/wp-json\/wp\/v2\/pages"}],"about":[{"href":"https:\/\/modelcogroup.com\/es\/wp-json\/wp\/v2\/types\/page"}],"author":[{"embeddable":true,"href":"https:\/\/modelcogroup.com\/es\/wp-json\/wp\/v2\/users\/1"}],"replies":[{"embeddable":true,"href":"https:\/\/modelcogroup.com\/es\/wp-json\/wp\/v2\/comments?post=2202"}],"version-history":[{"count":1,"href":"https:\/\/modelcogroup.com\/es\/wp-json\/wp\/v2\/pages\/2202\/revisions"}],"predecessor-version":[{"id":2203,"href":"https:\/\/modelcogroup.com\/es\/wp-json\/wp\/v2\/pages\/2202\/revisions\/2203"}],"up":[{"embeddable":true,"href":"https:\/\/modelcogroup.com\/es\/wp-json\/wp\/v2\/pages\/2177"}],"wp:attachment":[{"href":"https:\/\/modelcogroup.com\/es\/wp-json\/wp\/v2\/media?parent=2202"}],"curies":[{"name":"wp","href":"https:\/\/api.w.org\/{rel}","templated":true}]}}