{"id":2204,"date":"2023-02-12T17:27:44","date_gmt":"2023-02-12T17:27:44","guid":{"rendered":"https:\/\/seowebflydev.com\/dev\/model\/maquinas_cimentaciones_especiales\/pilotes\/cabezas-de-rotacion\/"},"modified":"2023-05-07T07:59:20","modified_gmt":"2023-05-07T07:59:20","slug":"cabezas_rotacion","status":"publish","type":"page","link":"https:\/\/modelcogroup.com\/es\/maquinas_especiales\/pilotes\/cabezas_rotacion\/","title":{"rendered":"Cabezas de rotaci\u00f3n"},"content":{"rendered":"<p>Cabezas de rotaci\u00f3n de usos multiples que pueden acoplarse en cualquier maquina de pilotes, o m\u00e1stiles cl\u00e1sicos instalados en gruas sobre orugas Multipurpose Rotary Heads that can be fitted in any standard pile rig, or any classic leader installed on a crawler crane.<\/p>\n","protected":false},"excerpt":{"rendered":"<p>Cabezas de rotaci\u00f3n de usos multiples que pueden acoplarse en cualquier maquina de pilotes, o m\u00e1stiles cl\u00e1sicos instalados en gruas sobre orugas Multipurpose Rotary Heads that can be fitted in any standard pile rig, or any classic leader installed on a crawler crane.<\/p>\n","protected":false},"author":1,"featured_media":0,"parent":2177,"menu_order":0,"comment_status":"closed","ping_status":"closed","template":"template-product-level-two.php","meta":{"_acf_changed":false,"footnotes":""},"class_list":["post-2204","page","type-page","status-publish","hentry"],"acf":[],"_links":{"self":[{"href":"https:\/\/modelcogroup.com\/es\/wp-json\/wp\/v2\/pages\/2204"}],"collection":[{"href":"https:\/\/modelcogroup.com\/es\/wp-json\/wp\/v2\/pages"}],"about":[{"href":"https:\/\/modelcogroup.com\/es\/wp-json\/wp\/v2\/types\/page"}],"author":[{"embeddable":true,"href":"https:\/\/modelcogroup.com\/es\/wp-json\/wp\/v2\/users\/1"}],"replies":[{"embeddable":true,"href":"https:\/\/modelcogroup.com\/es\/wp-json\/wp\/v2\/comments?post=2204"}],"version-history":[{"count":1,"href":"https:\/\/modelcogroup.com\/es\/wp-json\/wp\/v2\/pages\/2204\/revisions"}],"predecessor-version":[{"id":2205,"href":"https:\/\/modelcogroup.com\/es\/wp-json\/wp\/v2\/pages\/2204\/revisions\/2205"}],"up":[{"embeddable":true,"href":"https:\/\/modelcogroup.com\/es\/wp-json\/wp\/v2\/pages\/2177"}],"wp:attachment":[{"href":"https:\/\/modelcogroup.com\/es\/wp-json\/wp\/v2\/media?parent=2204"}],"curies":[{"name":"wp","href":"https:\/\/api.w.org\/{rel}","templated":true}]}}