{"id":2223,"date":"2023-02-02T17:25:31","date_gmt":"2023-02-02T17:25:31","guid":{"rendered":"https:\/\/seowebflydev.com\/dev\/model\/desarenadores\/"},"modified":"2025-02-27T06:20:59","modified_gmt":"2025-02-27T06:20:59","slug":"desarenadores","status":"publish","type":"page","link":"https:\/\/modelcogroup.com\/es\/maquinas_especiales\/lodos\/desarenadores\/","title":{"rendered":"Desarenadores"},"content":{"rendered":"<p>Los desarenadores se usan para separar la arena de los lodos de perforaci\u00f3n. Durante el proceso de excavaci\u00f3n se van aportando lodos a medida que se avanza en profundidad, y el lodo aportado se va mezclando con el terreno excavado y se va contaminando de arena y limos, de forma que al terminar la perforaci\u00f3n, es necesario reciclar el lodo con el desarenador para separar la arena y limpiar el lodo que ser\u00e1 usado en las siguientes perforaciones . Las normas de cada pa\u00eds para el uso de lodos, establecen unos porcentajes m\u00e1ximos de arena en el lodo antes de la operaci\u00f3n de hormigonado, para prevenir la contaminaci\u00f3n del hormigon, y los desarenadores realizan esta funci\u00f3n.<\/p>\n","protected":false},"excerpt":{"rendered":"<p>Los desarenadores se usan para separar la arena de los lodos de perforaci\u00f3n. Durante el proceso de excavaci\u00f3n se van aportando lodos a medida que se avanza en profundidad, y el lodo aportado se va mezclando con el terreno excavado y se va contaminando de arena y limos, de forma que al terminar la perforaci\u00f3n, [&hellip;]<\/p>\n","protected":false},"author":1,"featured_media":0,"parent":2367,"menu_order":0,"comment_status":"closed","ping_status":"closed","template":"template-product-level-one.php","meta":{"_acf_changed":false,"footnotes":""},"class_list":["post-2223","page","type-page","status-publish","hentry"],"acf":[],"_links":{"self":[{"href":"https:\/\/modelcogroup.com\/es\/wp-json\/wp\/v2\/pages\/2223"}],"collection":[{"href":"https:\/\/modelcogroup.com\/es\/wp-json\/wp\/v2\/pages"}],"about":[{"href":"https:\/\/modelcogroup.com\/es\/wp-json\/wp\/v2\/types\/page"}],"author":[{"embeddable":true,"href":"https:\/\/modelcogroup.com\/es\/wp-json\/wp\/v2\/users\/1"}],"replies":[{"embeddable":true,"href":"https:\/\/modelcogroup.com\/es\/wp-json\/wp\/v2\/comments?post=2223"}],"version-history":[{"count":1,"href":"https:\/\/modelcogroup.com\/es\/wp-json\/wp\/v2\/pages\/2223\/revisions"}],"predecessor-version":[{"id":2224,"href":"https:\/\/modelcogroup.com\/es\/wp-json\/wp\/v2\/pages\/2223\/revisions\/2224"}],"up":[{"embeddable":true,"href":"https:\/\/modelcogroup.com\/es\/wp-json\/wp\/v2\/pages\/2367"}],"wp:attachment":[{"href":"https:\/\/modelcogroup.com\/es\/wp-json\/wp\/v2\/media?parent=2223"}],"curies":[{"name":"wp","href":"https:\/\/api.w.org\/{rel}","templated":true}]}}