{"id":2227,"date":"2023-02-18T15:10:58","date_gmt":"2023-02-18T15:10:58","guid":{"rendered":"https:\/\/seowebflydev.com\/dev\/model\/desarenadores\/desarenadores_ciclonado_simple\/mini-desarenadores\/"},"modified":"2023-05-07T09:29:22","modified_gmt":"2023-05-07T09:29:22","slug":"mini_desarenadores","status":"publish","type":"page","link":"https:\/\/modelcogroup.com\/es\/maquinas_especiales\/lodos\/desarenadores\/desarenadores_ciclonado_simple\/mini_desarenadores\/","title":{"rendered":"Mini desarenadores"},"content":{"rendered":"<p>La serie de Mini Desarenadores esta especialmente concebida para su uso en perforaciones de peque\u00f1o di\u00e1metro, tales como desarenador para geotermia, sondeos, anclajes, micropilotes, exploraci\u00f3n, etc. La principal car\u00c3\u00a1cter\u00edstica es su dise\u00f1o extremadamente compacto, para facilitar su manejo con equipos de peque\u00f1o tama\u00f1o y trabajar en lugares de acceso muy reducido.<\/p>\n","protected":false},"excerpt":{"rendered":"<p>La serie de Mini Desarenadores esta especialmente concebida para su uso en perforaciones de peque\u00f1o di\u00e1metro, tales como desarenador para geotermia, sondeos, anclajes, micropilotes, exploraci\u00f3n, etc. La principal car\u00c3\u00a1cter\u00edstica es su dise\u00f1o extremadamente compacto, para facilitar su manejo con equipos de peque\u00f1o tama\u00f1o y trabajar en lugares de acceso muy reducido.<\/p>\n","protected":false},"author":1,"featured_media":0,"parent":2225,"menu_order":0,"comment_status":"closed","ping_status":"closed","template":"template-product-level-two.php","meta":{"_acf_changed":false,"footnotes":""},"class_list":["post-2227","page","type-page","status-publish","hentry"],"acf":[],"_links":{"self":[{"href":"https:\/\/modelcogroup.com\/es\/wp-json\/wp\/v2\/pages\/2227"}],"collection":[{"href":"https:\/\/modelcogroup.com\/es\/wp-json\/wp\/v2\/pages"}],"about":[{"href":"https:\/\/modelcogroup.com\/es\/wp-json\/wp\/v2\/types\/page"}],"author":[{"embeddable":true,"href":"https:\/\/modelcogroup.com\/es\/wp-json\/wp\/v2\/users\/1"}],"replies":[{"embeddable":true,"href":"https:\/\/modelcogroup.com\/es\/wp-json\/wp\/v2\/comments?post=2227"}],"version-history":[{"count":1,"href":"https:\/\/modelcogroup.com\/es\/wp-json\/wp\/v2\/pages\/2227\/revisions"}],"predecessor-version":[{"id":2228,"href":"https:\/\/modelcogroup.com\/es\/wp-json\/wp\/v2\/pages\/2227\/revisions\/2228"}],"up":[{"embeddable":true,"href":"https:\/\/modelcogroup.com\/es\/wp-json\/wp\/v2\/pages\/2225"}],"wp:attachment":[{"href":"https:\/\/modelcogroup.com\/es\/wp-json\/wp\/v2\/media?parent=2227"}],"curies":[{"name":"wp","href":"https:\/\/api.w.org\/{rel}","templated":true}]}}