{"id":2333,"date":"2023-02-19T15:36:23","date_gmt":"2023-02-19T15:36:23","guid":{"rendered":"https:\/\/seowebflydev.com\/dev\/model\/inyeccion-de-lechadas\/"},"modified":"2023-05-07T17:01:35","modified_gmt":"2023-05-07T17:01:35","slug":"inyeccion_lechadas","status":"publish","type":"page","link":"https:\/\/modelcogroup.com\/es\/maquinas_especiales\/lechadas\/inyeccion_lechadas\/","title":{"rendered":"Inyecci\u00f3n de lechadas"},"content":{"rendered":"<p>Las bombas para lechadas MODEL&amp;CO est\u00e1n dise\u00f1adas para las mas duras condiciones de trabajo, la posici\u00f3n de los pistones de la bomba es vertical, esto redunda en una larga duraci\u00f3n de las partes m\u00f3viles y de los sistemas de estanqueidad de los cilindros. Las v\u00e1lvulas son esf\u00e9ricas de bola de acero pleno o recubiertas de goma. Los asientos de las v\u00e1lvulas son de acero de alta resistencia tratado t\u00e9rmicamente para conseguir larga duraci\u00f3n. El sistema de accionamiento y control es muy fiable, ofrecemos desde los sistemas m\u00e1s sencillos, hasta los sistemas de control electr\u00f3nicos mas sofisticados. Siempre es posible seleccionar independientemente la presi\u00f3n, caudal y volumen de inyecci\u00f3n, la m\u00e1quina tambi\u00e9n registra las variables de inyecci\u00f3n en tiempo real, y permite al usuario salvarlos via puerto USB. Las bombas para lechadas electr\u00f3nicas, est\u00e1n controladas por un ordenador instalado en la bomba, y el mando del mismo se realiza a trav\u00e9s de una pantalla t\u00e1ctil. La principal aplicaci\u00f3n de estas bombas son las inyecci\u00f3nes de compensaci\u00f3n, por medio de tubos manguito, o cualquier otra aplicaci\u00f3n donde se requiera el control preciso y el registro completo de las variables de inyecci\u00f3n.<\/p>\n","protected":false},"excerpt":{"rendered":"<p>Las bombas para lechadas MODEL&amp;CO est\u00e1n dise\u00f1adas para las mas duras condiciones de trabajo, la posici\u00f3n de los pistones de la bomba es vertical, esto redunda en una larga duraci\u00f3n de las partes m\u00f3viles y de los sistemas de estanqueidad de los cilindros. Las v\u00e1lvulas son esf\u00e9ricas de bola de acero pleno o recubiertas de [&hellip;]<\/p>\n","protected":false},"author":1,"featured_media":0,"parent":2369,"menu_order":0,"comment_status":"closed","ping_status":"closed","template":"template-product-level-one.php","meta":{"_acf_changed":false,"footnotes":""},"class_list":["post-2333","page","type-page","status-publish","hentry"],"acf":[],"_links":{"self":[{"href":"https:\/\/modelcogroup.com\/es\/wp-json\/wp\/v2\/pages\/2333"}],"collection":[{"href":"https:\/\/modelcogroup.com\/es\/wp-json\/wp\/v2\/pages"}],"about":[{"href":"https:\/\/modelcogroup.com\/es\/wp-json\/wp\/v2\/types\/page"}],"author":[{"embeddable":true,"href":"https:\/\/modelcogroup.com\/es\/wp-json\/wp\/v2\/users\/1"}],"replies":[{"embeddable":true,"href":"https:\/\/modelcogroup.com\/es\/wp-json\/wp\/v2\/comments?post=2333"}],"version-history":[{"count":1,"href":"https:\/\/modelcogroup.com\/es\/wp-json\/wp\/v2\/pages\/2333\/revisions"}],"predecessor-version":[{"id":2334,"href":"https:\/\/modelcogroup.com\/es\/wp-json\/wp\/v2\/pages\/2333\/revisions\/2334"}],"up":[{"embeddable":true,"href":"https:\/\/modelcogroup.com\/es\/wp-json\/wp\/v2\/pages\/2369"}],"wp:attachment":[{"href":"https:\/\/modelcogroup.com\/es\/wp-json\/wp\/v2\/media?parent=2333"}],"curies":[{"name":"wp","href":"https:\/\/api.w.org\/{rel}","templated":true}]}}