{"id":2335,"date":"2023-02-19T15:44:07","date_gmt":"2023-02-19T15:44:07","guid":{"rendered":"https:\/\/seowebflydev.com\/dev\/model\/p100pe\/"},"modified":"2023-05-07T17:06:12","modified_gmt":"2023-05-07T17:06:12","slug":"p100pe_maquinaria_inyeccion_lechadas","status":"publish","type":"page","link":"https:\/\/modelcogroup.com\/es\/p100pe_maquinaria_inyeccion_lechadas\/","title":{"rendered":"P100PE"},"content":{"rendered":"<p>La bomba P100PE esta indicada para las inyecciones de compensaci\u00f3n por medios de tubos manguito, o cualquier otra aplicaci\u00f3n donde se requiera el control y registro de las variables de inyecci\u00f3n. Tambien puede usarse como bomba de barrido en perforaci\u00f3n, o t\u00e9cnicas de Soil Mixing, etc.<\/p>\n","protected":false},"excerpt":{"rendered":"<table class=\"tabla-datos td3\">\n<tbody>\n<tr>\n<th>Modelo<\/th>\n<th>P100PE<\/th>\n<th>MA4L<\/th>\n<\/tr>\n<tr>\n<td>Potencia el\u00e9ctrica kW<\/td>\n<td>11 \u00f7 15<\/td>\n<td>3<\/td>\n<\/tr>\n<tr>\n<td>Caudal de impulsi\u00f3n min-max l\/min<\/td>\n<td>2 \u00f7 152<\/td>\n<td><\/td>\n<\/tr>\n<tr>\n<td>Presi\u00f3n de salida bar<\/td>\n<td>0 \u00f7 130<\/td>\n<td><\/td>\n<\/tr>\n<tr>\n<td>Capacidad l<\/td>\n<td><\/td>\n<td>450<\/td>\n<\/tr>\n<tr>\n<td>Dimensiones A x B x C mm<\/td>\n<td colspan=\"2\">2425 x 1200 x 2030<\/td>\n<\/tr>\n<tr>\n<td>Peso en kg<\/td>\n<td colspan=\"2\">1700<\/td>\n<\/tr>\n<\/tbody>\n<\/table>\n","protected":false},"author":1,"featured_media":1640,"parent":0,"menu_order":0,"comment_status":"closed","ping_status":"closed","template":"template-product-level-last.php","meta":{"_acf_changed":false,"footnotes":""},"class_list":["post-2335","page","type-page","status-publish","has-post-thumbnail","hentry"],"acf":[],"_links":{"self":[{"href":"https:\/\/modelcogroup.com\/es\/wp-json\/wp\/v2\/pages\/2335"}],"collection":[{"href":"https:\/\/modelcogroup.com\/es\/wp-json\/wp\/v2\/pages"}],"about":[{"href":"https:\/\/modelcogroup.com\/es\/wp-json\/wp\/v2\/types\/page"}],"author":[{"embeddable":true,"href":"https:\/\/modelcogroup.com\/es\/wp-json\/wp\/v2\/users\/1"}],"replies":[{"embeddable":true,"href":"https:\/\/modelcogroup.com\/es\/wp-json\/wp\/v2\/comments?post=2335"}],"version-history":[{"count":1,"href":"https:\/\/modelcogroup.com\/es\/wp-json\/wp\/v2\/pages\/2335\/revisions"}],"predecessor-version":[{"id":2336,"href":"https:\/\/modelcogroup.com\/es\/wp-json\/wp\/v2\/pages\/2335\/revisions\/2336"}],"wp:featuredmedia":[{"embeddable":true,"href":"https:\/\/modelcogroup.com\/es\/wp-json\/wp\/v2\/media\/1640"}],"wp:attachment":[{"href":"https:\/\/modelcogroup.com\/es\/wp-json\/wp\/v2\/media?parent=2335"}],"curies":[{"name":"wp","href":"https:\/\/api.w.org\/{rel}","templated":true}]}}