{"id":2343,"date":"2023-03-18T08:15:08","date_gmt":"2023-03-18T08:15:08","guid":{"rendered":"https:\/\/seowebflydev.com\/dev\/model\/p200pe\/"},"modified":"2023-05-07T17:15:15","modified_gmt":"2023-05-07T17:15:15","slug":"p200pe_maquinaria_inyeccion_lechadas","status":"publish","type":"page","link":"https:\/\/modelcogroup.com\/es\/p200pe_maquinaria_inyeccion_lechadas\/","title":{"rendered":"P200PE"},"content":{"rendered":"<p>La bomba P200PE esta indicada para bombear lodo de barrido en perforaciones de cualquier tipo que requieran elevado caudal a una presi\u00f3n de inyecci\u00f3n media. Tambi\u00e9n se puede usar para inyectar lechadas de cemento, ya que el caudal es siempre regulable a peque\u00f1os volumenes.<\/p>\n","protected":false},"excerpt":{"rendered":"<table class=\"tabla-datos\">\n<tbody>\n<tr>\n<th>Modelo<\/th>\n<th>P200PE<\/th>\n<\/tr>\n<tr>\n<td>Potencia el\u00e9ctrica kW<\/td>\n<td>45<\/td>\n<\/tr>\n<tr>\n<td>Caudal de salida min-max l\/min<\/td>\n<td>0 \u00f7 700<\/td>\n<\/tr>\n<tr>\n<td>Presi\u00f3n de salida bar<\/td>\n<td>0 \u00f7 55<\/td>\n<\/tr>\n<tr>\n<td>Dimensiones A x B x C mm<\/td>\n<td>2200 x 1100 x 2030<\/td>\n<\/tr>\n<tr>\n<td>Peso kg<\/td>\n<td>1900<\/td>\n<\/tr>\n<\/tbody>\n<\/table>\n","protected":false},"author":1,"featured_media":2081,"parent":0,"menu_order":0,"comment_status":"closed","ping_status":"closed","template":"template-product-level-last.php","meta":{"_acf_changed":false,"footnotes":""},"class_list":["post-2343","page","type-page","status-publish","has-post-thumbnail","hentry"],"acf":[],"_links":{"self":[{"href":"https:\/\/modelcogroup.com\/es\/wp-json\/wp\/v2\/pages\/2343"}],"collection":[{"href":"https:\/\/modelcogroup.com\/es\/wp-json\/wp\/v2\/pages"}],"about":[{"href":"https:\/\/modelcogroup.com\/es\/wp-json\/wp\/v2\/types\/page"}],"author":[{"embeddable":true,"href":"https:\/\/modelcogroup.com\/es\/wp-json\/wp\/v2\/users\/1"}],"replies":[{"embeddable":true,"href":"https:\/\/modelcogroup.com\/es\/wp-json\/wp\/v2\/comments?post=2343"}],"version-history":[{"count":1,"href":"https:\/\/modelcogroup.com\/es\/wp-json\/wp\/v2\/pages\/2343\/revisions"}],"predecessor-version":[{"id":2344,"href":"https:\/\/modelcogroup.com\/es\/wp-json\/wp\/v2\/pages\/2343\/revisions\/2344"}],"wp:featuredmedia":[{"embeddable":true,"href":"https:\/\/modelcogroup.com\/es\/wp-json\/wp\/v2\/media\/2081"}],"wp:attachment":[{"href":"https:\/\/modelcogroup.com\/es\/wp-json\/wp\/v2\/media?parent=2343"}],"curies":[{"name":"wp","href":"https:\/\/api.w.org\/{rel}","templated":true}]}}