{"id":2349,"date":"2023-03-11T15:13:03","date_gmt":"2023-03-11T15:13:03","guid":{"rendered":"https:\/\/seowebflydev.com\/dev\/model\/inyeccion_lechadas\/p116pe\/p153pe\/"},"modified":"2023-05-07T17:22:42","modified_gmt":"2023-05-07T17:22:42","slug":"p153pe_maquinaria_inyeccion_lechadas","status":"publish","type":"page","link":"https:\/\/modelcogroup.com\/es\/maquinas_especiales\/lechadas\/inyeccion_lechadas\/p116pe\/p153pe_maquinaria_inyeccion_lechadas\/","title":{"rendered":"P153PE"},"content":{"rendered":"<p>La bomba P153PE esta indicada para inyectar agua o lechadas de cemento a elevadas presiones y caudales. La principal aplicaci\u00f3n es la operaci\u00f3n de martillos perforadores de agua, asi como la realizaci\u00f3n de jet-grouting. Las variables de inyecci\u00f3n est\u00e1n totalmente controladas por ordenador, presi\u00f3n, caudal, volumen, etc.<\/p>\n","protected":false},"excerpt":{"rendered":"<table class=\"tabla-datos\">\n<tbody>\n<tr>\n<th>Modelo<\/th>\n<th>P153PD<\/th>\n<\/tr>\n<tr>\n<td>Potencia el\u00e9ctrica kW<\/td>\n<td>75<\/td>\n<\/tr>\n<tr>\n<td>Caudal de salida min-max l\/min<\/td>\n<td>5 \u00f7 380<\/td>\n<\/tr>\n<tr>\n<td>Presi\u00f3n de salida bar<\/td>\n<td>0 \u00f7 300<\/td>\n<\/tr>\n<tr>\n<td>Dimensiones A x B x C mm<\/td>\n<td>2420 x 1150 x 2060<\/td>\n<\/tr>\n<tr>\n<td>Peso kg<\/td>\n<td>1800<\/td>\n<\/tr>\n<\/tbody>\n<\/table>\n","protected":false},"author":1,"featured_media":3215,"parent":2345,"menu_order":0,"comment_status":"closed","ping_status":"closed","template":"template-product-level-last.php","meta":{"_acf_changed":false,"footnotes":""},"class_list":["post-2349","page","type-page","status-publish","has-post-thumbnail","hentry"],"acf":[],"_links":{"self":[{"href":"https:\/\/modelcogroup.com\/es\/wp-json\/wp\/v2\/pages\/2349"}],"collection":[{"href":"https:\/\/modelcogroup.com\/es\/wp-json\/wp\/v2\/pages"}],"about":[{"href":"https:\/\/modelcogroup.com\/es\/wp-json\/wp\/v2\/types\/page"}],"author":[{"embeddable":true,"href":"https:\/\/modelcogroup.com\/es\/wp-json\/wp\/v2\/users\/1"}],"replies":[{"embeddable":true,"href":"https:\/\/modelcogroup.com\/es\/wp-json\/wp\/v2\/comments?post=2349"}],"version-history":[{"count":1,"href":"https:\/\/modelcogroup.com\/es\/wp-json\/wp\/v2\/pages\/2349\/revisions"}],"predecessor-version":[{"id":2350,"href":"https:\/\/modelcogroup.com\/es\/wp-json\/wp\/v2\/pages\/2349\/revisions\/2350"}],"up":[{"embeddable":true,"href":"https:\/\/modelcogroup.com\/es\/wp-json\/wp\/v2\/pages\/2345"}],"wp:featuredmedia":[{"embeddable":true,"href":"https:\/\/modelcogroup.com\/es\/wp-json\/wp\/v2\/media\/3215"}],"wp:attachment":[{"href":"https:\/\/modelcogroup.com\/es\/wp-json\/wp\/v2\/media?parent=2349"}],"curies":[{"name":"wp","href":"https:\/\/api.w.org\/{rel}","templated":true}]}}