{"id":2371,"date":"2023-03-11T15:34:27","date_gmt":"2023-03-11T15:34:27","guid":{"rendered":"https:\/\/seowebflydev.com\/dev\/model\/maquinas_cimentaciones_especiales\/lechadas\/grupos_completos\/gc_computador_auto\/gc_computador_auto_compacto\/gsb100\/"},"modified":"2023-05-08T03:49:23","modified_gmt":"2023-05-08T03:49:23","slug":"gsb100_compact_grouting_set","status":"publish","type":"page","link":"https:\/\/modelcogroup.com\/es\/maquinas_especiales\/lechadas\/grupos_completos\/gc_computador_auto\/gc_computador_auto_compacto\/gsb100_compact_grouting_set\/","title":{"rendered":"GSB100"},"content":{"rendered":"<p>El grupo GSB100 es un grupo standard de preparaci\u00f3n de lechadas en suspensi\u00f3n coloidal, de agitaci\u00f3n, y de inyecci\u00f3n. La principal aplicaci\u00f3n son las inyecciones de compensaci\u00f3n por medios de tubos manguito, o cualquier otra aplicaci\u00f3n donde se requiera el control y registro de las variables de inyecci\u00f3n. Tambien puede usarse como bomba de barrido en perforaci\u00f3n, o t\u00e9cnicas de Soil Mixing, etc.<\/p>\n","protected":false},"excerpt":{"rendered":"<p>No hay informaci\u00f3n t\u00e9cnica disponible<\/p>\n","protected":false},"author":1,"featured_media":1894,"parent":2364,"menu_order":0,"comment_status":"closed","ping_status":"closed","template":"template-product-level-last.php","meta":{"_acf_changed":false,"footnotes":""},"class_list":["post-2371","page","type-page","status-publish","has-post-thumbnail","hentry"],"acf":[],"_links":{"self":[{"href":"https:\/\/modelcogroup.com\/es\/wp-json\/wp\/v2\/pages\/2371"}],"collection":[{"href":"https:\/\/modelcogroup.com\/es\/wp-json\/wp\/v2\/pages"}],"about":[{"href":"https:\/\/modelcogroup.com\/es\/wp-json\/wp\/v2\/types\/page"}],"author":[{"embeddable":true,"href":"https:\/\/modelcogroup.com\/es\/wp-json\/wp\/v2\/users\/1"}],"replies":[{"embeddable":true,"href":"https:\/\/modelcogroup.com\/es\/wp-json\/wp\/v2\/comments?post=2371"}],"version-history":[{"count":1,"href":"https:\/\/modelcogroup.com\/es\/wp-json\/wp\/v2\/pages\/2371\/revisions"}],"predecessor-version":[{"id":2372,"href":"https:\/\/modelcogroup.com\/es\/wp-json\/wp\/v2\/pages\/2371\/revisions\/2372"}],"up":[{"embeddable":true,"href":"https:\/\/modelcogroup.com\/es\/wp-json\/wp\/v2\/pages\/2364"}],"wp:featuredmedia":[{"embeddable":true,"href":"https:\/\/modelcogroup.com\/es\/wp-json\/wp\/v2\/media\/1894"}],"wp:attachment":[{"href":"https:\/\/modelcogroup.com\/es\/wp-json\/wp\/v2\/media?parent=2371"}],"curies":[{"name":"wp","href":"https:\/\/api.w.org\/{rel}","templated":true}]}}