{"id":2408,"date":"2023-02-12T19:15:38","date_gmt":"2023-02-12T19:15:38","guid":{"rendered":"https:\/\/seowebflydev.com\/dev\/model\/modelco-group\/"},"modified":"2023-05-13T03:47:09","modified_gmt":"2023-05-13T03:47:09","slug":"perfil_empresa_modelco_group","status":"publish","type":"page","link":"https:\/\/modelcogroup.com\/es\/perfil_empresa_modelco_group\/","title":{"rendered":"MODELCO GROUP"},"content":{"rendered":"<section class=\"about-style-three border-bottom\">\n<div class=\"auto-container\">\n<div class=\"row clearfix\">\n<div class=\"col-lg-9 col-md-9 col-sm-12 text-column\">\n<div class=\"text\">\n<p><strong>MODELCO GROUP engloba varias empresas en diferentes pa\u00edses, dedicadas a las siguientes actividades:<\/strong><\/p>\n<p><img decoding=\"async\" src=\"https:\/\/seowebflydev.com\/dev\/model\/wp-content\/uploads\/2023\/02\/icon-construccion-naval-modelco.jpeg\" alt=\"\" title=\"\">Construcci\u00f3n naval, realizando trabajos de construcci\u00f3n, reparaci\u00f3n, reingenier\u00eda, de barcos de recreo, superyates, plataformas marinas, sistemas auxiliares marinos. Restauraci\u00f3n, r\u00e9plica y construcci\u00f3n de yates cl\u00e1sicos hist\u00f3ricos. + info<\/p>\n<p><img decoding=\"async\" src=\"https:\/\/seowebflydev.com\/dev\/model\/wp-content\/uploads\/2023\/02\/icon-participacion-modelco.jpeg\" alt=\"\" title=\"\"> Participaciones en empresas subsidiarias en el sector de Geotecnia y Cimentaciones Especiales, asi como en empresas de compraventa de maquinaria de ingenier\u00eda civil.<\/p>\n<p><img decoding=\"async\" src=\"https:\/\/seowebflydev.com\/dev\/model\/wp-content\/uploads\/2023\/02\/icon-investment-modelco.jpeg\" alt=\"\" title=\"\"> Realiza inversiones financieras en materias primas, divisas, pa\u00edses emergentes, etc.<\/p>\n<p><img decoding=\"async\" src=\"https:\/\/seowebflydev.com\/dev\/model\/wp-content\/uploads\/2023\/02\/icon-exportacion_moldeco.jpeg\" alt=\"\" title=\"\">Realiza la actividad exportadora de la maquinaria de cimentaciones especiales fabricada por MODEL&amp;CO. Equipo de exportaci\u00f3n, Ferias, etc. + info<\/p>\n<\/div>\n<\/div>\n<div class=\"col-lg-3 col-md-3 col-sm-12\">\n<img decoding=\"async\" src=\"https:\/\/seowebflydev.com\/dev\/model\/wp-content\/uploads\/2023\/02\/foto_perfil_modelco.jpeg\" style=\"width:100%;\" alt=\"\" title=\"\"><\/div>\n<\/div>\n<\/div>\n<\/section>\n","protected":false},"excerpt":{"rendered":"<p>MODELCO GROUP engloba varias empresas en diferentes pa\u00edses, dedicadas a las siguientes actividades: Construcci\u00f3n naval, realizando trabajos de construcci\u00f3n, reparaci\u00f3n, reingenier\u00eda, de barcos de recreo, superyates, plataformas marinas, sistemas auxiliares marinos. Restauraci\u00f3n, r\u00e9plica y construcci\u00f3n de yates cl\u00e1sicos hist\u00f3ricos. + info Participaciones en empresas subsidiarias en el sector de Geotecnia y Cimentaciones Especiales, asi como [&hellip;]<\/p>\n","protected":false},"author":1,"featured_media":0,"parent":0,"menu_order":0,"comment_status":"closed","ping_status":"closed","template":"","meta":{"_acf_changed":false,"footnotes":""},"class_list":["post-2408","page","type-page","status-publish","hentry"],"acf":[],"_links":{"self":[{"href":"https:\/\/modelcogroup.com\/es\/wp-json\/wp\/v2\/pages\/2408"}],"collection":[{"href":"https:\/\/modelcogroup.com\/es\/wp-json\/wp\/v2\/pages"}],"about":[{"href":"https:\/\/modelcogroup.com\/es\/wp-json\/wp\/v2\/types\/page"}],"author":[{"embeddable":true,"href":"https:\/\/modelcogroup.com\/es\/wp-json\/wp\/v2\/users\/1"}],"replies":[{"embeddable":true,"href":"https:\/\/modelcogroup.com\/es\/wp-json\/wp\/v2\/comments?post=2408"}],"version-history":[{"count":1,"href":"https:\/\/modelcogroup.com\/es\/wp-json\/wp\/v2\/pages\/2408\/revisions"}],"predecessor-version":[{"id":2409,"href":"https:\/\/modelcogroup.com\/es\/wp-json\/wp\/v2\/pages\/2408\/revisions\/2409"}],"wp:attachment":[{"href":"https:\/\/modelcogroup.com\/es\/wp-json\/wp\/v2\/media?parent=2408"}],"curies":[{"name":"wp","href":"https:\/\/api.w.org\/{rel}","templated":true}]}}